{"id":76,"date":"2024-07-01T20:28:49","date_gmt":"2024-07-01T20:28:49","guid":{"rendered":"https:\/\/zdrowozbalansowana.pl\/?page_id=76"},"modified":"2026-04-11T18:53:22","modified_gmt":"2026-04-11T18:53:22","slug":"kontakt","status":"publish","type":"page","link":"https:\/\/zdrowozbalansowana.pl\/?page_id=76","title":{"rendered":"Kontakt"},"content":{"rendered":"<div class=\"brz brz-root__container brz-reset-all brz-root__container-page\">\n<section id=\"sYbTFgzgQxcN_sYbTFgzgQxcN\" class=\"brz-section brz-css-d-section brz-css-61rgxa\">\n<div class=\"brz-section__content brz-section--fullWidth brz-css-d-sectionitem-bg brz-css-15ztbbi\" data-brz-custom-id=\"udgwgiD6iKia\">\n<div class=\"brz-bg\">\n<div class=\"brz-bg-color\"><\/div>\n<div class=\"brz-bg-shape brz-bg-shape__top\"><\/div>\n<\/div>\n<div class=\"brz-container brz-css-d-sectionitem-container brz-css-g9838i\">\n<div class=\"brz-row__container brz-css-d-row-row brz-css-k8qyyd\" data-brz-custom-id=\"wb9OKEEvaxUF\">\n<div class=\"brz-row brz-css-d-row-container brz-css-r-row-container brz-css-q5vbnb\">\n<div class=\"brz-columns brz-css-d-column-column brz-css-1sf66o5\" data-brz-custom-id=\"ednIImaDyvLm\">\n<div class=\"brz-column__items brz-css-d-column-bg brz-css-1trc07i\">\n<div id=\"\" class=\"brz-css-d-wrapper brz-css-1lfjqm6 brz-wrapper\">\n<div class=\"brz-rich-text brz-rich-text__custom brz-css-d-richtext brz-css-1cxvaae\" data-brz-custom-id=\"keubxRAmJbcH\">\n<div data-brz-translate-text=\"1\">\n<p class=\"brz-text-xs-center brz-text-lg-center brz-tp-lg-empty brz-ff-amatic_sc brz-ft-google brz-fs-lg-50 brz-fss-lg-px brz-fw-lg-400 brz-ls-lg-6 brz-lh-lg-1_3 brz-vfw-lg-400 brz-fwdth-lg-100 brz-fsft-lg-0 brz-lh-xs-1_3 brz-vfw-xs-400 brz-fwdth-xs-100 brz-fsft-xs-0 brz-tp-xs-empty brz-fs-xs-20 brz-fss-xs-px brz-fw-xs-700 brz-ls-xs-1_5 brz-css-oQ9NR\" data-uniq-id=\"lWLoI\" data-generated-css=\"brz-css-d2bba\"><strong class=\"brz-bold-true\">Poradnia dietetyczna ZdrowoZbalansowana<\/strong><\/p>\n<\/div>\n<\/div>\n<\/div>\n<div id=\"\" class=\"brz-css-d-wrapper brz-css-1qsb11t brz-wrapper\">\n<div class=\"brz-menu-simple brz-css-d-wpnavigation brz-css-13jqqta\">\n<div class=\"brz-menu-simple__toggle brz-menu-simple__toggle--mobile\"><label class=\"brz-menu-simple__icon\" for=\"brz-menu-simple__btn-t4Qfa\"><span class=\"brz-menu-simple__icon--bars\"><\/span><\/label><\/p>\n<div style=\"min-height:20px\">\n<div class=\"menu-menu-container\">\n<ul id=\"menu-menu\" class=\"menu\">\n<li id=\"menu-item-944\" class=\"menu-item menu-item-type-post_type menu-item-object-page menu-item-home menu-item-944\"><a href=\"https:\/\/zdrowozbalansowana.pl\/\">Start<\/a><\/li>\n<li id=\"menu-item-84\" class=\"menu-item menu-item-type-post_type menu-item-object-page menu-item-84\"><a href=\"https:\/\/zdrowozbalansowana.pl\/?page_id=27\">O mnie<\/a><\/li>\n<li id=\"menu-item-83\" class=\"menu-item menu-item-type-post_type menu-item-object-page menu-item-83\"><a href=\"https:\/\/zdrowozbalansowana.pl\/?page_id=39\">Oferta<\/a><\/li>\n<li id=\"menu-item-1655\" class=\"menu-item menu-item-type-post_type menu-item-object-page menu-item-1655\"><a href=\"https:\/\/zdrowozbalansowana.pl\/?page_id=1578\">Cennik<\/a><\/li>\n<li id=\"menu-item-1136\" class=\"menu-item menu-item-type-post_type menu-item-object-page menu-item-1136\"><a href=\"https:\/\/zdrowozbalansowana.pl\/?page_id=976\">Um\u00f3w konsultacj\u0119<\/a><\/li>\n<li id=\"menu-item-1203\" class=\"menu-item menu-item-type-post_type menu-item-object-page menu-item-1203\"><a href=\"https:\/\/zdrowozbalansowana.pl\/?page_id=1178\">Najcz\u0119stsze pytania (FAQ)<\/a><\/li>\n<li id=\"menu-item-81\" class=\"menu-item menu-item-type-post_type menu-item-object-page menu-item-81\"><a href=\"https:\/\/zdrowozbalansowana.pl\/?page_id=76\">Kontakt<\/a><\/li>\n<\/ul>\n<\/div>\n<\/div>\n<\/div>\n<\/div>\n<\/div>\n<\/div>\n<\/div>\n<\/div>\n<\/div>\n<\/div>\n<\/div>\n<\/section>\n<section id=\"nRoBAAdDdMYF_nRoBAAdDdMYF\" class=\"brz-section brz-css-d-section brz-css-dum7sj\">\n<div class=\"brz-section__content brz-section--boxed brz-css-d-sectionitem-bg brz-css-1rnkhzf\" data-brz-custom-id=\"ppPDsWiqI4vC\">\n<div class=\"brz-bg\">\n<div class=\"brz-bg-color\"><\/div>\n<\/div>\n<div class=\"brz-container brz-css-d-sectionitem-container brz-css-j2yfd7\">\n<div class=\"brz-row__container brz-css-d-row-row brz-css-1cdwbsv\" data-brz-custom-id=\"lGDY9Uh5JW4x\">\n<div class=\"brz-row brz-css-d-row-container brz-css-r-row-container brz-css-16aoudz\">\n<div class=\"brz-columns brz-css-d-column-column brz-css-1g1uzsb\" data-brz-custom-id=\"dLREx_W1MpRH\">\n<div class=\"brz-column__items brz-css-d-column-bg brz-css-3ok2sp\">\n<div id=\"\" class=\"brz-css-d-wrapper brz-css-1vs17bo brz-wrapper\">\n<div class=\"brz-rich-text brz-rich-text__custom brz-css-d-richtext brz-css-1t5p9jc\" data-brz-custom-id=\"kXRpJKAWYWPn\">\n<div data-brz-translate-text=\"1\">\n<p class=\"brz-fsft-xs-0 brz-fwdth-xs-100 brz-vfw-xs-400 brz-lh-xs-1_5 brz-ls-xs-0 brz-fw-xs-700 brz-fss-xs-px brz-fs-xs-20 brz-tp-xs-empty brz-text-sm-center brz-fsft-lg-0 brz-fwdth-lg-100 brz-vfw-lg-400 brz-lh-lg-1_3 brz-ls-lg-m_1_5 brz-fw-lg-700 brz-fss-lg-px brz-fs-lg-36 brz-ft-google brz-ff-comfortaa brz-tp-lg-empty brz-css-f719W\" data-generated-css=\"brz-css-q61cT\" data-uniq-id=\"mkqCs\"><span>Skontaktuj si\u0119 ze&nbsp;mn\u0105<\/span><\/p>\n<p class=\"brz-text-sm-center brz-fs-lg-20 brz-ft-google brz-ff-comfortaa brz-tp-lg-empty brz-fsft-lg-0 brz-fwdth-lg-100 brz-vfw-lg-400 brz-lh-lg-1_9 brz-ls-lg-0 brz-fw-lg-700 brz-fss-lg-px brz-tp-xs-empty brz-fs-xs-16 brz-fss-xs-px brz-fw-xs-700 brz-ls-xs-0 brz-lh-xs-1_5 brz-vfw-xs-400 brz-fwdth-xs-100 brz-fsft-xs-0 brz-css-zG1NZ\" data-generated-css=\"brz-css-limYG\" data-uniq-id=\"riLCy\"><span>Wype\u0142nij formularz kontaktowy lub napisz bezpo\u015brednio na&nbsp;maila.<\/span><\/p>\n<\/div>\n<\/div>\n<\/div>\n<div id=\"\" class=\"brz-css-d-wrapper brz-css-4wms18 brz-wrapper\">\n<div class=\"brz-rich-text brz-rich-text__custom brz-css-d-richtext brz-css-110oi6h\" data-brz-custom-id=\"qLw91cS19qNB\">\n<div data-brz-translate-text=\"1\">\n<p class=\"brz-bcp-color7 brz-text-lg-left brz-ft-google brz-ff-comfortaa brz-fsft-xs-0 brz-fwdth-xs-100 brz-vfw-xs-400 brz-lh-xs-1_5 brz-ls-xs-0 brz-fw-xs-400 brz-fss-xs-px brz-fs-xs-15 brz-tp-xs-empty brz-fsft-sm-0 brz-fwdth-sm-100 brz-vfw-sm-400 brz-lh-sm-1_5 brz-ls-sm-0 brz-fw-sm-400 brz-fss-sm-px brz-fs-sm-18 brz-tp-sm-empty brz-tp-lg-empty brz-fsft-lg-0 brz-fwdth-lg-100 brz-vfw-lg-400 brz-lh-lg-1_9 brz-ls-lg-0 brz-fw-lg-400 brz-fss-lg-px brz-fs-lg-20 brz-text-xs-right brz-css-kku5V\" data-uniq-id=\"xWc4W\" data-generated-css=\"brz-css-jwlpL\"><\/p>\n<\/div>\n<\/div>\n<\/div>\n<div id=\"\" class=\"brz-css-d-wrapper brz-css-1y89cx brz-wrapper\">\n<div class=\"brz-icon-text brz-css-d-icontext brz-css-jzm9ge\" data-brz-custom-id=\"c00QQXBYJBRh\">\n<div class=\"brz-icon__container\" data-brz-custom-id=\"lBZaHxnD2NDw\"><span class=\"brz-icon brz-span brz-css-d-icon-icon brz-css-o85e7q\"><\/span><\/div>\n<div class=\"brz-text-btn\">\n<div class=\"brz-rich-text brz-rich-text__custom brz-css-d-richtext brz-css-vc0qp6\" data-brz-custom-id=\"hEFZczMujabA\">\n<div data-brz-translate-text=\"1\">\n<p class=\"brz-fsft-xs-0 brz-fwdth-xs-100 brz-vfw-xs-400 brz-lh-xs-1_5 brz-ls-xs-m_0_5 brz-fw-xs-700 brz-fss-xs-px brz-fs-xs-20 brz-tp-xs-empty brz-fsft-lg-0 brz-fwdth-lg-100 brz-vfw-lg-400 brz-lh-lg-1_5 brz-ls-lg-m_0_5 brz-fw-lg-700 brz-fss-lg-px brz-fs-lg-22 brz-ft-google brz-ff-comfortaa brz-tp-lg-empty brz-mb-lg-0 brz-text-sm-justify brz-css-v1myq\" data-uniq-id=\"iE5ZQ\" data-generated-css=\"brz-css-eNdWk\"><span> <\/span><span class=\"brz-cp-color3\">Adres e-mail<\/span><\/p>\n<p class=\"brz-mt-xs-0 brz-mb-xs-0 brz-fsft-lg-0 brz-fwdth-lg-100 brz-vfw-lg-400 brz-lh-lg-1_9 brz-ls-lg-0 brz-fw-lg-600 brz-fss-lg-px brz-fs-lg-20 brz-ft-google brz-text-xs-left brz-tp-sm-empty brz-fs-sm-18 brz-fss-sm-px brz-fw-sm-600 brz-ls-sm-0 brz-lh-sm-1_9 brz-vfw-sm-400 brz-fwdth-sm-100 brz-fsft-sm-0 brz-fss-xs-px brz-fw-xs-600 brz-ls-xs-0 brz-lh-xs-1_5 brz-vfw-xs-400 brz-fwdth-xs-100 brz-fsft-xs-0 brz-tp-xs-empty brz-fs-xs-17 brz-tp-lg-empty brz-ff-comfortaa brz-css-n_VMV\" data-uniq-id=\"xQgKt\" data-generated-css=\"brz-css-t2ADq\"><a class=\"link--external\" style=\"background-color: transparent\" href=\"mailto:kontakt@zdrowzbalansowana.pl\" data-brz-link-type=\"external\"> kontakt<\/a><a class=\"link--external brz-pre-population-visible\" style=\"background-color: transparent\" href=\"mailto:kontakt@zdrowzbalansowana.pl\" data-brz-link-type=\"external\">@<\/a><a class=\"link--external\" style=\"background-color: transparent\" href=\"mailto:kontakt@zdrowzbalansowana.pl\" data-brz-link-type=\"external\">zdrowozbalansowana.pl<\/a><\/p>\n<\/div>\n<\/div>\n<\/div>\n<\/div>\n<\/div>\n<div id=\"\" class=\"brz-css-d-wrapper brz-css-w3x513 brz-wrapper\">\n<div class=\"brz-icon-text brz-css-d-icontext brz-css-ac18bb\" data-brz-custom-id=\"oWaAsMgAVwrC\">\n<div class=\"brz-icon__container\" data-brz-custom-id=\"xFfBrnj6iQfH\"><span class=\"brz-icon brz-span brz-css-d-icon-icon brz-css-1cct0b\"><\/span><\/div>\n<div class=\"brz-text-btn\">\n<div class=\"brz-rich-text brz-rich-text__custom brz-css-d-richtext brz-css-1w0o836\" data-brz-custom-id=\"gaQhNjWB8GNP\">\n<div data-brz-translate-text=\"1\">\n<p class=\"brz-fs-xs-20 brz-tp-xs-empty brz-fsft-xs-0 brz-fwdth-xs-100 brz-vfw-xs-400 brz-lh-xs-1_5 brz-ls-xs-m_0_5 brz-fw-xs-700 brz-fss-xs-px brz-fsft-lg-0 brz-fwdth-lg-100 brz-vfw-lg-400 brz-lh-lg-1_5 brz-ls-lg-m_0_5 brz-fw-lg-700 brz-fss-lg-px brz-fs-lg-22 brz-ft-google brz-ff-comfortaa brz-tp-lg-empty brz-mb-lg-5 brz-mb-xs-0 brz-css-bsg1_\" data-uniq-id=\"hgFgn\" data-generated-css=\"brz-css-pfVlI\"><span class=\"brz-cp-color3\"> Social Media<\/span><\/p>\n<p class=\"brz-lh-xs-1_6 brz-ls-xs-0 brz-fw-xs-600 brz-fss-xs-px brz-fs-xs-20 brz-tp-xs-empty brz-fsft-xs-0 brz-fwdth-xs-100 brz-vfw-xs-400 brz-mb-lg-5 brz-mb-xs-0 brz-tp-sm-empty brz-fs-sm-18 brz-fss-sm-px brz-fw-sm-600 brz-ls-sm-m_0_1 brz-lh-sm-2 brz-vfw-sm-400 brz-fwdth-sm-100 brz-fsft-sm-0 brz-text-sm-justify brz-mb-sm-0 brz-mt-sm-0 brz-ft-google brz-fs-lg-20 brz-fss-lg-px brz-fw-lg-600 brz-ls-lg-2 brz-lh-lg-1_9 brz-vfw-lg-400 brz-fwdth-lg-100 brz-fsft-lg-0 brz-tp-lg-empty brz-ff-comfortaa brz-css-oMFoo\" data-uniq-id=\"wMKY3\" data-generated-css=\"brz-css-bogCw\"><a class=\"link--external brz-pre-population-visible brz-bold-true\" href=\"https:\/\/www.instagram.com\/zdrowozbalansowana\/profilecard\/?igsh=aDZ5bTc1ODc1eHVw\" data-brz-link-type=\"external\"><strong> @zdrowozbalansowana<\/strong><\/a><strong class=\"brz-bold-true\"> <\/strong><\/p>\n<\/div>\n<\/div>\n<\/div>\n<\/div>\n<\/div>\n<div class=\"brz-row__container brz-css-d-row-row brz-css-1jw42cb\" data-brz-custom-id=\"t7eJFAJy_13R\">\n<div class=\"brz-row brz-row--inner brz-css-d-row-container brz-css-r-row-container brz-css-1cpmuqw\">\n<div class=\"brz-columns brz-css-d-column-column brz-css-zgi0eg\" data-brz-custom-id=\"nqNjO1cCOi1x\">\n<div class=\"brz-column__items brz-css-d-column-bg brz-css-1ef9i87\">\n<div id=\"\" class=\"brz-css-d-wrapper brz-css-enmc8z brz-wrapper\">\n<div class=\"brz-rich-text brz-rich-text__custom brz-css-d-richtext brz-css-1a1yrr4\" data-brz-custom-id=\"hQoyGmuVmXr4\">\n<div data-brz-translate-text=\"1\">\n<h4 class=\"brz-mb-xs-0 brz-tp-lg-heading4 brz-mb-lg-5 brz-text-xs-left brz-tp-xs-empty brz-fs-xs-16 brz-fss-xs-px brz-fw-xs-600 brz-ls-xs-1 brz-lh-xs-1_5 brz-vfw-xs-400 brz-fwdth-xs-100 brz-fsft-xs-0 brz-css-nEgK9\" data-generated-css=\"brz-css-xvK58\" data-uniq-id=\"yvZbS\"><\/h4>\n<\/div>\n<\/div>\n<\/div>\n<\/div>\n<\/div>\n<\/div>\n<\/div>\n<\/div>\n<\/div>\n<div class=\"brz-columns brz-css-d-column-column brz-css-zjppzs\" data-brz-custom-id=\"pXr3jUr6AQnK\">\n<div class=\"brz-column__items brz-css-d-column-bg brz-css-9ruqwe\">\n<div id=\"\" class=\"brz-css-d-wrapper brz-css-qymezr brz-wrapper\">\n<div data-brz-form-version=\"2\" class=\"brz-forms2 brz-css-d-form2-form brz-css-f2quk5\" data-brz-custom-id=\"xkbbndeQrxy4\">\n<div data-brz-translate-text=\"1\" class=\"brz-forms2__item brz-css-d-form2fields-fields brz-css-txl4qa brz-css-d-form2field-field brz-css-6mrize\"><label class=\"brz-label brz-forms2__field-label\" for=\"iZFPfdwLt6K1_da4f7ef02ba9668ea806\">Imi\u0119 i Nazwisko<\/label><\/div>\n<div data-brz-translate-text=\"1\" class=\"brz-forms2__item brz-css-d-form2fields-fields brz-css-txl4qa brz-css-d-form2field-field brz-css-hbl669\"><label class=\"brz-label brz-forms2__field-label\" for=\"spvDkC14LyMJ_42ae7f92713dab8d216e\">Tw\u00f3j email<\/label><\/div>\n<div data-brz-translate-text=\"1\" class=\"brz-forms2__item brz-css-d-form2fields-fields brz-css-txl4qa brz-css-d-form2field-field brz-css-al06oj\"><label class=\"brz-label brz-forms2__field-label\" for=\"bVY5AQG_onmH_d10c3f45cf08eb09bfa2\">Numer telefonu<\/label><\/div>\n<div data-brz-translate-text=\"1\" class=\"brz-forms2__item brz-css-d-form2fields-fields brz-css-txl4qa brz-css-d-form2field-field brz-css-dfjkx9\"><label class=\"brz-label brz-forms2__field-label\" for=\"bhJyozv8fU4n_b0a639cfeea6035b34ac\">Tre\u015b\u0107<\/label><textarea id=\"bhJyozv8fU4n_b0a639cfeea6035b34ac\" name=\"vyFNzqyxwa2s\" data-brz-type=\"Paragraph\" data-brz-label=\"Tre\u015b\u0107\" data-brz-placeholder=\"\" class=\"brz-textarea brz-forms2__field brz-forms2__field-paragraph brz-p-events--none\"><\/textarea><\/div>\n<div class=\"brz-forms2 brz-forms2__item brz-forms2__item-button\" data-brz-custom-id=\"xkbbndeQrxy4\"><button class=\"brz-btn brz-btn-submit brz-css-d-button-bg brz-css-6i4ch8\" data-brz-custom-id=\"hTOOVm0xM5Pf\"><span data-brz-translate-text=\"1\" class=\"brz-span brz-text__editor\">Wy\u015blij wiadomo\u015b\u0107<\/span><\/button><\/div>\n<div class=\"brz-g-recaptcha\" data-sitekey=\"\" data-size=\"invisible\" data-callback=\"brzFormV2Captcha\"><\/div>\n<\/div>\n<\/div>\n<div class=\"brz-row__container brz-css-d-row-row brz-css-fse7ze\" data-brz-custom-id=\"fx2y9D2VAhcy\">\n<div class=\"brz-row brz-row--inner brz-css-d-row-container brz-css-r-row-container brz-css-1xdezqs\">\n<div class=\"brz-columns brz-css-d-column-column brz-css-1k6gi7i\" data-brz-custom-id=\"pcsfARkD3ix5\">\n<div class=\"brz-column__items brz-css-d-column-bg brz-css-14pvcws\">\n<div id=\"\" class=\"brz-css-d-wrapper brz-css-r-wrapper brz-css-spopdh brz-wrapper\">\n<div class=\"brz-spacer brz-css-d-spacer brz-css-m9k3bl\"><\/div>\n<\/div>\n<div id=\"\" class=\"brz-css-d-wrapper brz-css-1hjm6e4 brz-wrapper\">\n<div class=\"brz-rich-text brz-rich-text__custom brz-css-d-richtext brz-css-1kq3bba\" data-brz-custom-id=\"ceMH9ZqrsMsc\">\n<div data-brz-translate-text=\"1\">\n<p class=\"brz-fss-lg-px brz-fw-lg-700 brz-ls-lg-0 brz-lh-lg-1_9 brz-vfw-lg-400 brz-fwdth-lg-100 brz-fsft-lg-0 brz-tp-lg-empty brz-ff-montserrat brz-ft-google brz-fs-lg-16 brz-css-skxwp\" data-generated-css=\"brz-css-wUTZ4\" data-uniq-id=\"nuURE\"><span>Korzystaj\u0105c z formularza zgadzasz si\u0119 z <\/span><a class=\"link--page\" href=\"https:\/\/zdrowozbalansowana.pl\/?page_id=924\" data-brz-link-type=\"page\">Regulaminem<\/a><span> i <\/span><a class=\"link--page\" href=\"https:\/\/zdrowozbalansowana.pl\/?page_id=3\" data-brz-link-type=\"page\">Polityk\u0105 Prywatno\u015bci<\/a><span>.<\/span><\/p>\n<\/div>\n<\/div>\n<\/div>\n<\/div>\n<\/div>\n<\/div>\n<\/div>\n<\/div>\n<\/div>\n<\/div>\n<\/div>\n<\/div>\n<\/div>\n<\/section>\n<section id=\"q0is6RoGRjer_q0is6RoGRjer\" class=\"brz-section brz-css-d-section brz-css-2nr3il\">\n<div class=\"brz-section__content brz-section--boxed brz-css-d-sectionitem-bg brz-css-1hq2ni7\" data-brz-custom-id=\"uNOG4lfZrYPi\">\n<div class=\"brz-bg\">\n<div class=\"brz-bg-color\"><\/div>\n<div class=\"brz-bg-shape brz-bg-shape__top\"><\/div>\n<\/div>\n<div class=\"brz-container brz-css-d-sectionitem-container brz-css-491mws\">\n<div id=\"\" class=\"brz-css-d-wrapper brz-css-r-wrapper brz-css-1rf6w1t brz-wrapper\">\n<div class=\"brz-spacer brz-css-d-spacer brz-css-1p7pwot\"><\/div>\n<\/div>\n<div class=\"brz-row__container brz-css-d-row-row brz-css-179bafo\" data-brz-custom-id=\"mulLQ1EzDKPI\">\n<div class=\"brz-row brz-css-d-row-container brz-css-r-row-container brz-css-9q7ro6\">\n<div class=\"brz-columns brz-css-d-column-column brz-css-17sshuf\" data-brz-custom-id=\"lC4Ppq_Zt8ua\">\n<div class=\"brz-bg\"><\/div>\n<div class=\"brz-column__items brz-css-d-column-bg brz-css-1h2csbh\">\n<div id=\"\" class=\"brz-css-d-wrapper brz-css-16lv0li brz-wrapper\">\n<div class=\"brz-rich-text brz-rich-text__custom brz-css-d-richtext brz-css-1lfutzx\" data-brz-custom-id=\"uLazXznNZwIc\">\n<div data-brz-translate-text=\"1\">\n<h5 class=\"brz-text-lg-left brz-tp-lg-heading5 brz-css-d2zgO\" data-generated-css=\"brz-css-znae0\" data-uniq-id=\"epd28\"><strong>Znajdziesz nas tutaj:<\/strong><\/h5>\n<\/div>\n<\/div>\n<\/div>\n<div id=\"\" class=\"brz-css-d-wrapper brz-css-8x0ojz brz-wrapper\">\n<div class=\"brz-icon-text brz-css-d-icontext brz-css-1gknl9m\" data-brz-custom-id=\"lrt6cWFooAih\">\n<div class=\"brz-icon__container\" data-brz-custom-id=\"zSfz_9Zsa4xd\"><span class=\"brz-icon brz-span brz-css-d-icon-icon brz-css-hqxl3a\"><\/span><\/div>\n<div class=\"brz-text-btn\">\n<div class=\"brz-rich-text brz-rich-text__custom brz-css-d-richtext brz-css-tc55ob\" data-brz-custom-id=\"fIgUWsKbHQET\">\n<div data-brz-translate-text=\"1\">\n<h6 class=\"brz-tp-lg-heading6 brz-css-cNJxn\" data-uniq-id=\"hX8iV\" data-generated-css=\"brz-css-ckhjS\"><\/h6>\n<\/div>\n<\/div>\n<\/div>\n<\/div>\n<\/div>\n<\/div>\n<\/div>\n<div class=\"brz-columns brz-css-d-column-column brz-css-1wxhybt\" data-brz-custom-id=\"cRJ0WJKi8xWU\">\n<div class=\"brz-column__items brz-css-d-column-bg brz-css-1dmn2p6\">\n<div id=\"\" class=\"brz-css-d-wrapper brz-css-1fs9b5k brz-wrapper\">\n<div class=\"brz-rich-text brz-rich-text__custom brz-css-d-richtext brz-css-1iecunt\" data-brz-custom-id=\"tWB_aP7Btdb0\">\n<div data-brz-translate-text=\"1\">\n<h5 class=\"brz-tp-lg-heading5 brz-text-lg-left brz-css-s84FF\" data-uniq-id=\"f4xS1\" data-generated-css=\"brz-css-zkqz9\"><strong class=\"brz-cp-color2\">Kontakt<\/strong><strong class=\"brz-cp-color2\">:<\/strong><\/h5>\n<\/div>\n<\/div>\n<\/div>\n<div id=\"\" class=\"brz-css-d-wrapper brz-css-1pwr30v brz-wrapper\">\n<div class=\"brz-icon-text brz-css-d-icontext brz-css-acie7g\" data-brz-custom-id=\"z7Qz9gTVn7jz\">\n<div class=\"brz-icon__container\" data-brz-custom-id=\"vsoIe0qG5_wH\"><span class=\"brz-icon brz-span brz-css-d-icon-icon brz-css-a0pwoo\"><\/span><\/div>\n<div class=\"brz-text-btn\">\n<div class=\"brz-rich-text brz-rich-text__custom brz-css-d-richtext brz-css-1vbq6fr\" data-brz-custom-id=\"d5bvuzD0j1gK\">\n<div data-brz-translate-text=\"1\">\n<h6 class=\"brz-tp-lg-heading6 brz-css-yGMbH\" data-generated-css=\"brz-css-f4l3g\" data-uniq-id=\"ah1o8\"><strong class=\"brz-cp-color7\">kontakt@zdrowozbalansowana.pl<\/strong><\/h6>\n<\/div>\n<\/div>\n<\/div>\n<\/div>\n<\/div>\n<div id=\"\" class=\"brz-css-d-wrapper brz-css-r-wrapper brz-css-1qq5057 brz-wrapper\">\n<div class=\"brz-spacer brz-css-d-spacer brz-css-v82aom\"><\/div>\n<\/div>\n<\/div>\n<\/div>\n<\/div>\n<\/div>\n<\/div>\n<\/div>\n<\/section><\/div>\n<p><!-- version:1768936069 --><\/p>\n","protected":false},"excerpt":{"rendered":"<p>Poradnia dietetyczna ZdrowoZbalansowana Start O mnie Oferta Cennik Um\u00f3w konsultacj\u0119 Najcz\u0119stsze pytania (FAQ) Kontakt Skontaktuj si\u0119 ze&nbsp;mn\u0105 Wype\u0142nij formularz kontaktowy lub napisz bezpo\u015brednio na&nbsp;maila. Adres e-mail kontakt@zdrowozbalansowana.pl Social Media @zdrowozbalansowana Imi\u0119 i Nazwisko Tw\u00f3j email Numer telefonu Tre\u015b\u0107 Wy\u015blij wiadomo\u015b\u0107 Korzystaj\u0105c z formularza zgadzasz si\u0119 z Regulaminem i Polityk\u0105 Prywatno\u015bci. Znajdziesz nas tutaj: Kontakt: kontakt@zdrowozbalansowana.pl<\/p>\n","protected":false},"author":1,"featured_media":0,"parent":0,"menu_order":0,"comment_status":"closed","ping_status":"closed","template":"brizy-blank-template.php","meta":{"footnotes":""},"class_list":["post-76","page","type-page","status-publish","hentry"],"brizy_media":[{"id":1473,"url":"https:\/\/zdrowozbalansowana.pl\/wp-content\/uploads\/2025\/11\/POST-1-Czy-to-jak-jem-wplywa-na-moj-nastroj-5.png","name":"POST-1-Czy-to-jak-jem-wplywa-na-moj-nastroj-5.png","meta":{"brizy_attachment_uid":"wp-f6003a2be178be2e8a34cc54bbf807e4.png","brizy_post_uid":["c9187655ca5b0517c66ab36380eb1c12","5e52eaf7aa2d8f64cd5a4a4101b7d556","90299d6212bfa43d246ae4be76a5f9b9","1f1ee2e3fa0dd1124e1bb4e9bc838ecf","3c89040bdea96ca2e3863a4f70d97090","e94cd4f07a946893c1179e12e8bf890d","90e7bd45e75456f1388501ff2d8f5c20"]}}],"_links":{"self":[{"href":"https:\/\/zdrowozbalansowana.pl\/index.php?rest_route=\/wp\/v2\/pages\/76","targetHints":{"allow":["GET"]}}],"collection":[{"href":"https:\/\/zdrowozbalansowana.pl\/index.php?rest_route=\/wp\/v2\/pages"}],"about":[{"href":"https:\/\/zdrowozbalansowana.pl\/index.php?rest_route=\/wp\/v2\/types\/page"}],"author":[{"embeddable":true,"href":"https:\/\/zdrowozbalansowana.pl\/index.php?rest_route=\/wp\/v2\/users\/1"}],"replies":[{"embeddable":true,"href":"https:\/\/zdrowozbalansowana.pl\/index.php?rest_route=%2Fwp%2Fv2%2Fcomments&post=76"}],"version-history":[{"count":30,"href":"https:\/\/zdrowozbalansowana.pl\/index.php?rest_route=\/wp\/v2\/pages\/76\/revisions"}],"predecessor-version":[{"id":3029,"href":"https:\/\/zdrowozbalansowana.pl\/index.php?rest_route=\/wp\/v2\/pages\/76\/revisions\/3029"}],"wp:attachment":[{"href":"https:\/\/zdrowozbalansowana.pl\/index.php?rest_route=%2Fwp%2Fv2%2Fmedia&parent=76"}],"curies":[{"name":"wp","href":"https:\/\/api.w.org\/{rel}","templated":true}]}}